{"id":6011,"date":"2021-11-22T10:18:24","date_gmt":"2021-11-22T09:18:24","guid":{"rendered":"https:\/\/studios-bouquet.com\/FONDERIE-MOULAIRE\/?page_id=6011"},"modified":"2026-02-03T16:59:36","modified_gmt":"2026-02-03T15:59:36","slug":"actualites","status":"publish","type":"page","link":"https:\/\/moulaire.fr\/?page_id=6011","title":{"rendered":"Actualit\u00e9s"},"content":{"rendered":"\t\t<div data-elementor-type=\"wp-page\" data-elementor-id=\"6011\" class=\"elementor elementor-6011\" data-elementor-post-type=\"page\">\n\t\t\t\t\t\t<section class=\"elementor-section elementor-top-section elementor-element elementor-element-66ce3a4b elementor-section-content-middle elementor-section-boxed elementor-section-height-default elementor-section-height-default\" data-id=\"66ce3a4b\" data-element_type=\"section\" data-e-type=\"section\">\n\t\t\t\t\t\t<div class=\"elementor-container elementor-column-gap-wider\">\n\t\t\t\t\t<div class=\"elementor-column elementor-col-50 elementor-top-column elementor-element elementor-element-217b2e9c\" data-id=\"217b2e9c\" data-element_type=\"column\" data-e-type=\"column\">\n\t\t\t<div class=\"elementor-widget-wrap elementor-element-populated\">\n\t\t\t\t\t\t<div class=\"elementor-element elementor-element-6d21609b elementor-widget elementor-widget-heading\" data-id=\"6d21609b\" data-element_type=\"widget\" data-e-type=\"widget\" data-widget_type=\"heading.default\">\n\t\t\t\t<div class=\"elementor-widget-container\">\n\t\t\t\t\t<h2 class=\"elementor-heading-title elementor-size-default\">Actualit\u00e9s<\/h2>\t\t\t\t<\/div>\n\t\t\t\t<\/div>\n\t\t\t\t<div class=\"elementor-element elementor-element-25ccec1f elementor-widget elementor-widget-heading\" data-id=\"25ccec1f\" data-element_type=\"widget\" data-e-type=\"widget\" data-widget_type=\"heading.default\">\n\t\t\t\t<div class=\"elementor-widget-container\">\n\t\t\t\t\t<h2 class=\"elementor-heading-title elementor-size-default\">\u00e9v\u00e8nements<br>et informations<\/h2>\t\t\t\t<\/div>\n\t\t\t\t<\/div>\n\t\t\t\t\t<\/div>\n\t\t<\/div>\n\t\t\t\t<div class=\"elementor-column elementor-col-50 elementor-top-column elementor-element elementor-element-305386fc\" data-id=\"305386fc\" data-element_type=\"column\" data-e-type=\"column\">\n\t\t\t<div class=\"elementor-widget-wrap elementor-element-populated\">\n\t\t\t\t\t\t<div class=\"elementor-element elementor-element-76be1824 elementor-widget elementor-widget-heading\" data-id=\"76be1824\" data-element_type=\"widget\" data-e-type=\"widget\" data-widget_type=\"heading.default\">\n\t\t\t\t<div class=\"elementor-widget-container\">\n\t\t\t\t\t<h3 class=\"elementor-heading-title elementor-size-default\">Le monde bouge\u2026nous aussi.<br>\nConsultez toute l\u2019actualit\u00e9 de la Fonderie Moulaire<\/h3>\t\t\t\t<\/div>\n\t\t\t\t<\/div>\n\t\t\t\t\t<\/div>\n\t\t<\/div>\n\t\t\t\t\t<\/div>\n\t\t<\/section>\n\t\t\t\t<section class=\"elementor-section elementor-top-section elementor-element elementor-element-da12c07 elementor-section-boxed elementor-section-height-default elementor-section-height-default\" data-id=\"da12c07\" data-element_type=\"section\" data-e-type=\"section\">\n\t\t\t\t\t\t<div class=\"elementor-container elementor-column-gap-default\">\n\t\t\t\t\t<div class=\"elementor-column elementor-col-100 elementor-top-column elementor-element elementor-element-5fd5f7b\" data-id=\"5fd5f7b\" data-element_type=\"column\" data-e-type=\"column\">\n\t\t\t<div class=\"elementor-widget-wrap elementor-element-populated\">\n\t\t\t\t\t\t<div class=\"elementor-element elementor-element-c89662b elementor-widget__width-initial elementor-widget elementor-widget-text-editor\" data-id=\"c89662b\" data-element_type=\"widget\" data-e-type=\"widget\" data-widget_type=\"text-editor.default\">\n\t\t\t\t<div class=\"elementor-widget-container\">\n\t\t\t\t\t\t\t\t\t<p>Nos derni\u00e8res acquisitions :<\/p><ul><li><span style=\"letter-spacing: var(--the7-base-letter-spacing); text-transform: var(--the7-base-text-transform); word-spacing: normal;\">\u00eelot d&rsquo;injection Aluminium 530 T<\/span><\/li><li>centre d&rsquo;usinage CN MAZAK FH 4800<\/li><li>presse \u00e0 injecter Zamak 50 T AGRATI<\/li><li>radiographie industrielle<\/li><\/ul>\t\t\t\t\t\t\t\t<\/div>\n\t\t\t\t<\/div>\n\t\t\t\t\t<\/div>\n\t\t<\/div>\n\t\t\t\t\t<\/div>\n\t\t<\/section>\n\t\t\t\t<section class=\"elementor-section elementor-top-section elementor-element elementor-element-da4c0a1 elementor-section-boxed elementor-section-height-default elementor-section-height-default\" data-id=\"da4c0a1\" data-element_type=\"section\" data-e-type=\"section\">\n\t\t\t\t\t\t<div class=\"elementor-container elementor-column-gap-default\">\n\t\t\t\t\t<div class=\"elementor-column elementor-col-50 elementor-top-column elementor-element elementor-element-9f6053b\" data-id=\"9f6053b\" data-element_type=\"column\" data-e-type=\"column\">\n\t\t\t<div class=\"elementor-widget-wrap elementor-element-populated\">\n\t\t\t\t\t\t<div class=\"elementor-element elementor-element-f45e605 elementor-widget__width-initial content-align-left the7-hover-visibility-disabled transform-overlay-yes exceeding-frame-yes elementor-widget elementor-widget-the7-image-widget\" data-id=\"f45e605\" data-element_type=\"widget\" data-e-type=\"widget\" data-settings=\"{&quot;hover_visibility&quot;:&quot;disabled&quot;}\" data-widget_type=\"the7-image-widget.default\">\n\t\t\t\t<div class=\"elementor-widget-container\">\n\t\t\t\t\t<div class=\"the7-image-container\"><div class=\"the7-image-wrapper the7-elementor-widget the7-transform-container\"><div class=\"post-thumbnail-rollover layzr-bg img-css-resize-wrapper\"><img fetchpriority=\"high\" decoding=\"async\" width=\"2560\" height=\"1920\" src=\"data:image\/svg+xml,%3Csvg%20xmlns%3D&#039;http%3A%2F%2Fwww.w3.org%2F2000%2Fsvg&#039;%20viewBox%3D&#039;0%200%202560%201920&#039;%2F%3E\" class=\"attachment-full size-full preload-me aspect lazy lazy-load\" alt=\"\" sizes=\"(max-width: 2560px) 100vw, 2560px\" style=\"--ratio: 2560 \/ 1920;\" data-src=\"https:\/\/moulaire.fr\/wp-content\/uploads\/2025\/10\/20251004_111131-scaled.jpg\" loading=\"eager\" data-srcset=\"https:\/\/moulaire.fr\/wp-content\/uploads\/2025\/10\/20251004_111131-scaled.jpg 2560w, https:\/\/moulaire.fr\/wp-content\/uploads\/2025\/10\/20251004_111131-300x225.jpg 300w, https:\/\/moulaire.fr\/wp-content\/uploads\/2025\/10\/20251004_111131-1024x768.jpg 1024w, https:\/\/moulaire.fr\/wp-content\/uploads\/2025\/10\/20251004_111131-768x576.jpg 768w, https:\/\/moulaire.fr\/wp-content\/uploads\/2025\/10\/20251004_111131-1536x1152.jpg 1536w, https:\/\/moulaire.fr\/wp-content\/uploads\/2025\/10\/20251004_111131-2048x1536.jpg 2048w\" \/><\/div><\/div><\/div>\t\t\t\t<\/div>\n\t\t\t\t<\/div>\n\t\t\t\t\t<\/div>\n\t\t<\/div>\n\t\t\t\t<div class=\"elementor-column elementor-col-50 elementor-top-column elementor-element elementor-element-e113eef\" data-id=\"e113eef\" data-element_type=\"column\" data-e-type=\"column\">\n\t\t\t<div class=\"elementor-widget-wrap elementor-element-populated\">\n\t\t\t\t\t\t<div class=\"elementor-element elementor-element-8d7a11a elementor-widget__width-initial content-align-left the7-hover-visibility-disabled transform-overlay-yes exceeding-frame-yes elementor-widget elementor-widget-the7-image-widget\" data-id=\"8d7a11a\" data-element_type=\"widget\" data-e-type=\"widget\" data-settings=\"{&quot;hover_visibility&quot;:&quot;disabled&quot;}\" data-widget_type=\"the7-image-widget.default\">\n\t\t\t\t<div class=\"elementor-widget-container\">\n\t\t\t\t\t<div class=\"the7-image-container\"><div class=\"the7-image-wrapper the7-elementor-widget the7-transform-container\"><div class=\"post-thumbnail-rollover layzr-bg img-css-resize-wrapper\"><img decoding=\"async\" width=\"1002\" height=\"750\" src=\"data:image\/svg+xml,%3Csvg%20xmlns%3D&#039;http%3A%2F%2Fwww.w3.org%2F2000%2Fsvg&#039;%20viewBox%3D&#039;0%200%201002%20750&#039;%2F%3E\" class=\"attachment-full size-full preload-me aspect lazy lazy-load\" alt=\"\" sizes=\"(max-width: 1002px) 100vw, 1002px\" style=\"--ratio: 1002 \/ 750;\" data-src=\"https:\/\/moulaire.fr\/wp-content\/uploads\/2025\/10\/Radio-2.png\" loading=\"eager\" data-srcset=\"https:\/\/moulaire.fr\/wp-content\/uploads\/2025\/10\/Radio-2.png 1002w, https:\/\/moulaire.fr\/wp-content\/uploads\/2025\/10\/Radio-2-300x225.png 300w, https:\/\/moulaire.fr\/wp-content\/uploads\/2025\/10\/Radio-2-768x575.png 768w\" \/><\/div><\/div><\/div>\t\t\t\t<\/div>\n\t\t\t\t<\/div>\n\t\t\t\t\t<\/div>\n\t\t<\/div>\n\t\t\t\t\t<\/div>\n\t\t<\/section>\n\t\t\t\t<section class=\"elementor-section elementor-top-section elementor-element elementor-element-8e93d59 elementor-section-boxed elementor-section-height-default elementor-section-height-default\" data-id=\"8e93d59\" data-element_type=\"section\" data-e-type=\"section\">\n\t\t\t\t\t\t<div class=\"elementor-container elementor-column-gap-default\">\n\t\t\t\t\t<div class=\"elementor-column elementor-col-50 elementor-top-column elementor-element elementor-element-80b7ede\" data-id=\"80b7ede\" data-element_type=\"column\" data-e-type=\"column\">\n\t\t\t<div class=\"elementor-widget-wrap elementor-element-populated\">\n\t\t\t\t\t\t<div class=\"elementor-element elementor-element-5371e94 elementor-widget__width-initial elementor-widget elementor-widget-image\" data-id=\"5371e94\" data-element_type=\"widget\" data-e-type=\"widget\" data-widget_type=\"image.default\">\n\t\t\t\t<div class=\"elementor-widget-container\">\n\t\t\t\t\t\t\t\t\t\t\t\t\t\t\t<img decoding=\"async\" width=\"1024\" height=\"320\" src=\"https:\/\/moulaire.fr\/wp-content\/uploads\/2026\/02\/Business-Industries-1-1024x320.jpg\" class=\"attachment-large size-large wp-image-7104\" alt=\"\" srcset=\"https:\/\/moulaire.fr\/wp-content\/uploads\/2026\/02\/Business-Industries-1-1024x320.jpg 1024w, https:\/\/moulaire.fr\/wp-content\/uploads\/2026\/02\/Business-Industries-1-300x94.jpg 300w, https:\/\/moulaire.fr\/wp-content\/uploads\/2026\/02\/Business-Industries-1-768x240.jpg 768w, https:\/\/moulaire.fr\/wp-content\/uploads\/2026\/02\/Business-Industries-1-1536x480.jpg 1536w, https:\/\/moulaire.fr\/wp-content\/uploads\/2026\/02\/Business-Industries-1.jpg 1800w\" sizes=\"(max-width: 1024px) 100vw, 1024px\" \/>\t\t\t\t\t\t\t\t\t\t\t\t\t\t\t<\/div>\n\t\t\t\t<\/div>\n\t\t\t\t\t<\/div>\n\t\t<\/div>\n\t\t\t\t<div class=\"elementor-column elementor-col-50 elementor-top-column elementor-element elementor-element-0a25acf\" data-id=\"0a25acf\" data-element_type=\"column\" data-e-type=\"column\">\n\t\t\t<div class=\"elementor-widget-wrap elementor-element-populated\">\n\t\t\t\t\t\t<div class=\"elementor-element elementor-element-0da1685 elementor-widget elementor-widget-image\" data-id=\"0da1685\" data-element_type=\"widget\" data-e-type=\"widget\" data-widget_type=\"image.default\">\n\t\t\t\t<div class=\"elementor-widget-container\">\n\t\t\t\t\t\t\t\t\t\t\t\t\t\t\t<img decoding=\"async\" width=\"681\" height=\"340\" src=\"https:\/\/moulaire.fr\/wp-content\/uploads\/2026\/02\/GI-2026.jpg\" class=\"attachment-large size-large wp-image-7106\" alt=\"\" srcset=\"https:\/\/moulaire.fr\/wp-content\/uploads\/2026\/02\/GI-2026.jpg 681w, https:\/\/moulaire.fr\/wp-content\/uploads\/2026\/02\/GI-2026-300x150.jpg 300w\" sizes=\"(max-width: 681px) 100vw, 681px\" \/>\t\t\t\t\t\t\t\t\t\t\t\t\t\t\t<\/div>\n\t\t\t\t<\/div>\n\t\t\t\t\t<\/div>\n\t\t<\/div>\n\t\t\t\t\t<\/div>\n\t\t<\/section>\n\t\t\t\t<\/div>\n\t\t","protected":false},"excerpt":{"rendered":"<p>Actualit\u00e9s \u00e9v\u00e8nementset informations Le monde bouge\u2026nous aussi. Consultez toute l\u2019actualit\u00e9 de la Fonderie Moulaire Nos derni\u00e8res acquisitions : \u00eelot d&rsquo;injection Aluminium 530 T centre d&rsquo;usinage CN MAZAK FH 4800 presse \u00e0 injecter Zamak 50 T AGRATI radiographie industrielle<\/p>\n","protected":false},"author":4,"featured_media":0,"parent":0,"menu_order":0,"comment_status":"closed","ping_status":"closed","template":"","meta":{"footnotes":""},"class_list":["post-6011","page","type-page","status-publish","hentry"],"_links":{"self":[{"href":"https:\/\/moulaire.fr\/index.php?rest_route=\/wp\/v2\/pages\/6011","targetHints":{"allow":["GET"]}}],"collection":[{"href":"https:\/\/moulaire.fr\/index.php?rest_route=\/wp\/v2\/pages"}],"about":[{"href":"https:\/\/moulaire.fr\/index.php?rest_route=\/wp\/v2\/types\/page"}],"author":[{"embeddable":true,"href":"https:\/\/moulaire.fr\/index.php?rest_route=\/wp\/v2\/users\/4"}],"replies":[{"embeddable":true,"href":"https:\/\/moulaire.fr\/index.php?rest_route=%2Fwp%2Fv2%2Fcomments&post=6011"}],"version-history":[{"count":49,"href":"https:\/\/moulaire.fr\/index.php?rest_route=\/wp\/v2\/pages\/6011\/revisions"}],"predecessor-version":[{"id":7112,"href":"https:\/\/moulaire.fr\/index.php?rest_route=\/wp\/v2\/pages\/6011\/revisions\/7112"}],"wp:attachment":[{"href":"https:\/\/moulaire.fr\/index.php?rest_route=%2Fwp%2Fv2%2Fmedia&parent=6011"}],"curies":[{"name":"wp","href":"https:\/\/api.w.org\/{rel}","templated":true}]}}